{"id":495,"date":"2024-12-11T08:31:42","date_gmt":"2024-12-11T08:31:42","guid":{"rendered":"https:\/\/der-segler.ch\/?page_id=495"},"modified":"2024-12-11T08:32:57","modified_gmt":"2024-12-11T08:32:57","slug":"495-2","status":"publish","type":"page","link":"https:\/\/der-segler.ch\/?page_id=495","title":{"rendered":"\u00fcber mich"},"content":{"rendered":"\n<figure class=\"wp-block-image\"><img decoding=\"async\" src=\"https:\/\/der-segler.ch\/wp-content\/uploads\/2022\/10\/59931131-FF71-4088-BFC0-30C040C2195D-1024x768.jpeg\" alt=\"Image\"\/><\/figure>\n\n\n\n<p><\/p>\n\n\n\n<p>Segeln auf einer Jeanneau 54 an der Amalfik\u00fcste<\/p>\n\n\n\n<p>Bereits in meinem ersten Lebensjahr haben mich meine Eltern auf meinen allerersten T\u00f6rn nach S\u00fcdfrankreich mitgenommen.<\/p>\n\n\n\n<p>Von da an, hat Segeln in meinem Leben immer eine wichtige Rolle gespielt und ich durfte auf dem Neuenburgersee im Optimist, sp\u00e4ter auf einer Jolle (4.45) und gleichzeitig auf einer wundersch\u00f6nen Dufour 35 aus dem Jahr 1979 meine Segelf\u00e4higkeiten stetig verbessern und das Spiel mit Wind und Wasser geniessen.<\/p>\n\n\n\n<p>Nach dem Abschluss der Binnensee Motor- und Segelpr\u00fcfung habe ich Anfang 2022 begonnen mich auf die Theoriepr\u00fcfung f\u00fcr den schweizerischen Hochseeausweis vorzubereiten und habe diese im Fr\u00fchjahr 2022 abgeschlossen.<\/p>\n\n\n\n<p>Im Oktober 2022 ging es dann als \u201eSkipper-Anw\u00e4rter\u201c auf meine ersten beiden Meilen \u2013 Praxis -T\u00f6rns, zuerst auf einem Katamaran (Lagoon 42) und dann auf einem sportlichen Einrumpfboot (Jeanneau 54) an die Amalfik\u00fcste. Die beiden Skipper Werner Fenn und Heinz Iten habe ihr ganzes K\u00f6nnen unter Beweis gestellt und uns \u201eAnf\u00e4nger\u201c an Ihrem Erfahrungsreichtum teilhaben lassen.<\/p>\n\n\n\n<p>Mit dem T\u00f6rn zu den kanarischen Inseln und einer dreit\u00e4tigen Fahrt nach Madeira auf einer Bennetau Oceanis 50 habe ich meine ersten 1400 Seemeilen im Logbuch und damit die erforderlichen Praxismeilen f\u00fcr den Hochseeausweis erreicht.<\/p>\n\n\n\n<p>Nach dem Nothilfekurs \u201eMedizin an Bord\u201c und der Einreichung aller Unterlagen bei der SYA bin ich seit Anfang Juni rund ein Jahr nach der Theoriepr\u00fcfung im Besitz des Hochsee \u2013 Ausweises.<\/p>\n\n\n\n<p><strong>Ausbildung<\/strong><\/p>\n\n\n\n<ul class=\"wp-block-list\">\n<li><a href=\"https:\/\/www.alphavoile.ch\/de\/\">Binnensee Ausweis f\u00fcr Segel und Motorboote<\/a><\/li>\n\n\n\n<li><a href=\"https:\/\/hochsee.schule\/kurse\/\">Hochseeausweis f\u00fcr Segelboote mit oder ohne\u00a0<\/a><a href=\"https:\/\/hochsee.schule\/kurse\/\">Maschienenantrieb<\/a><\/li>\n\n\n\n<li><a href=\"https:\/\/www.boatdriver.ch\/shop\/ausbildung\/seefunk-funkzeugnis-src\">SRC \/ LRC mit GMDSS<\/a><\/li>\n\n\n\n<li><a href=\"http:\/\/www.lebenrettenlernen.ch\/kurse-fur-segler.html\">Medizin an Bord<\/a><\/li>\n\n\n\n<li><a href=\"https:\/\/www.bootsmotoren.ch\/technische-kurse\">Dieselmotoren<\/a><a href=\"https:\/\/www.bootsmotoren.ch\/technische-kurse\">\u00a0Grundkurs<\/a><\/li>\n<\/ul>\n\n\n\n<p><em>Die Links f\u00fchren zu den Ausbildungsorten an welchen ich meine Kurse besucht habe (keine Partnerschaften aber w\u00e4rmste Empfehlungen)<\/em><\/p>\n","protected":false},"excerpt":{"rendered":"<p>Segeln auf einer Jeanneau 54 an der Amalfik\u00fcste Bereits in meinem ersten Lebensjahr haben mich meine Eltern auf meinen allerersten&hellip;<\/p>\n","protected":false},"author":1,"featured_media":0,"parent":0,"menu_order":0,"comment_status":"closed","ping_status":"closed","template":"","meta":{"footnotes":""},"class_list":["post-495","page","type-page","status-publish","hentry"],"_links":{"self":[{"href":"https:\/\/der-segler.ch\/index.php?rest_route=\/wp\/v2\/pages\/495","targetHints":{"allow":["GET"]}}],"collection":[{"href":"https:\/\/der-segler.ch\/index.php?rest_route=\/wp\/v2\/pages"}],"about":[{"href":"https:\/\/der-segler.ch\/index.php?rest_route=\/wp\/v2\/types\/page"}],"author":[{"embeddable":true,"href":"https:\/\/der-segler.ch\/index.php?rest_route=\/wp\/v2\/users\/1"}],"replies":[{"embeddable":true,"href":"https:\/\/der-segler.ch\/index.php?rest_route=%2Fwp%2Fv2%2Fcomments&post=495"}],"version-history":[{"count":4,"href":"https:\/\/der-segler.ch\/index.php?rest_route=\/wp\/v2\/pages\/495\/revisions"}],"predecessor-version":[{"id":499,"href":"https:\/\/der-segler.ch\/index.php?rest_route=\/wp\/v2\/pages\/495\/revisions\/499"}],"wp:attachment":[{"href":"https:\/\/der-segler.ch\/index.php?rest_route=%2Fwp%2Fv2%2Fmedia&parent=495"}],"curies":[{"name":"wp","href":"https:\/\/api.w.org\/{rel}","templated":true}]}}